{"id":1524,"date":"2022-02-18T23:01:42","date_gmt":"2022-02-19T02:01:42","guid":{"rendered":"http:\/\/lurosizer.com.br\/?post_type=product&#038;p=1524"},"modified":"2022-02-23T22:19:46","modified_gmt":"2022-02-24T01:19:46","slug":"quick-massage-i-15-minutos","status":"publish","type":"product","link":"http:\/\/lurosizer.com.br\/clientes_eqlbmassage\/produto\/quick-massage-i-15-minutos\/","title":{"rendered":"Quick Massage I &#8211; 15 minutos"},"content":{"rendered":"<p>\u00c9 uma massagem r\u00e1pida realizada na cadeira de quick, utilizando uma sequ\u00eancia que trabalha apenas os membros superiores, aplicando as t\u00e9cnicas do Anm\u00e1, Shiatsu e 3 ajustes tradicionais de quiropraxia (tor\u00e1cica alta, tor\u00e1cica m\u00e9dia e tor\u00e1cica baixa). Recomendada para aliviar as tens\u00f5es do dia-a-dia, para relaxamento muscular e combate ao estresse.<\/p>\n","protected":false},"excerpt":{"rendered":"<p>\u00c9 uma massagem r\u00e1pida realizada na cadeira de quick, utilizando uma sequ\u00eancia que trabalha apenas os membros superiores, aplicando as t\u00e9cnicas do Anm\u00e1, Shiatsu e 3 ajustes tradicionais de quiropraxia (tor\u00e1cica alta, tor\u00e1cica m\u00e9dia e tor\u00e1cica baixa). Recomendada para aliviar as tens\u00f5es do dia-a-dia, para relaxamento muscular e combate ao estresse.<\/p>\n","protected":false},"featured_media":1591,"comment_status":"open","ping_status":"closed","template":"","meta":{"site-sidebar-layout":"default","site-content-layout":"default","ast-global-header-display":"","ast-main-header-display":"","ast-hfb-above-header-display":"","ast-hfb-below-header-display":"","ast-hfb-mobile-header-display":"","site-post-title":"","ast-breadcrumbs-content":"","ast-featured-img":"","footer-sml-layout":"","theme-transparent-header-meta":"","adv-header-id-meta":"","stick-header-meta":"","header-above-stick-meta":"","header-main-stick-meta":"","header-below-stick-meta":""},"product_cat":[58],"product_tag":[],"class_list":["post-1524","product","type-product","status-publish","has-post-thumbnail","hentry","product_cat-sem-categoria"],"_links":{"self":[{"href":"http:\/\/lurosizer.com.br\/clientes_eqlbmassage\/wp-json\/wp\/v2\/product\/1524","targetHints":{"allow":["GET"]}}],"collection":[{"href":"http:\/\/lurosizer.com.br\/clientes_eqlbmassage\/wp-json\/wp\/v2\/product"}],"about":[{"href":"http:\/\/lurosizer.com.br\/clientes_eqlbmassage\/wp-json\/wp\/v2\/types\/product"}],"replies":[{"embeddable":true,"href":"http:\/\/lurosizer.com.br\/clientes_eqlbmassage\/wp-json\/wp\/v2\/comments?post=1524"}],"wp:featuredmedia":[{"embeddable":true,"href":"http:\/\/lurosizer.com.br\/clientes_eqlbmassage\/wp-json\/wp\/v2\/media\/1591"}],"wp:attachment":[{"href":"http:\/\/lurosizer.com.br\/clientes_eqlbmassage\/wp-json\/wp\/v2\/media?parent=1524"}],"wp:term":[{"taxonomy":"product_cat","embeddable":true,"href":"http:\/\/lurosizer.com.br\/clientes_eqlbmassage\/wp-json\/wp\/v2\/product_cat?post=1524"},{"taxonomy":"product_tag","embeddable":true,"href":"http:\/\/lurosizer.com.br\/clientes_eqlbmassage\/wp-json\/wp\/v2\/product_tag?post=1524"}],"curies":[{"name":"wp","href":"https:\/\/api.w.org\/{rel}","templated":true}]}}